{"id":57,"date":"2026-03-15T10:26:50","date_gmt":"2026-03-15T10:26:50","guid":{"rendered":"https:\/\/todoartistas.group\/social\/?page_id=57"},"modified":"2026-03-28T11:37:21","modified_gmt":"2026-03-28T11:37:21","slug":"conecta-trabaja-crea-el-lugar-donde-el-talento-encuentra-su-proximo-proyecto-la-red-profesional-en-espanol","status":"publish","type":"page","link":"https:\/\/todoartistas.group\/social\/","title":{"rendered":"Inicio"},"content":{"rendered":"\n<h2 class=\"wp-block-heading\">Donde el talento encuentra su pr\u00f3ximo proyecto<\/h2>\n\n\n\n<p>En <strong><em>todoartistas.group<\/em><\/strong> Conectas, Trabajas y Creas. <br> El lugar donde el talento encuentra su pr\u00f3ximo proyecto.<br>La red social profesional en espa\u00f1ol.<\/p>\n\n\n\n<div class=\"wp-block-buttons is-layout-flex wp-block-buttons-is-layout-flex\">\n<div class=\"wp-block-button\"><a class=\"wp-block-button__link wp-element-button\" href=\"https:\/\/todoartistas.group\/social\/register\/\">Crear perfil gratis<\/a><\/div>\n\n\n\n<div class=\"wp-block-button\"><a class=\"wp-block-button__link wp-element-button\" href=\"https:\/\/todoartistas.group\/social\/login\/\">Acceder<\/a><\/div>\n<\/div>\n\n\n<p class=\"job-manager-error\">Lo siento, no tienes permisos ver ofertas de trabajo.<\/p>\n\n\n\n\n\n\n\n<p><\/p>\n","protected":false},"excerpt":{"rendered":"<p>Donde el talento encuentra su pr\u00f3ximo proyecto En todoartistas.group Conectas, Trabajas y Creas. El lugar donde el talento encuentra su pr\u00f3ximo proyecto.La red social profesional en espa\u00f1ol.<\/p>\n","protected":false},"author":1,"featured_media":0,"parent":0,"menu_order":0,"comment_status":"closed","ping_status":"closed","template":"","meta":{"footnotes":""},"class_list":["post-57","page","type-page","status-publish","hentry"],"_hostinger_reach_plugin_has_subscription_block":false,"_hostinger_reach_plugin_is_elementor":false,"_links":{"self":[{"href":"https:\/\/todoartistas.group\/social\/wp-json\/wp\/v2\/pages\/57","targetHints":{"allow":["GET"]}}],"collection":[{"href":"https:\/\/todoartistas.group\/social\/wp-json\/wp\/v2\/pages"}],"about":[{"href":"https:\/\/todoartistas.group\/social\/wp-json\/wp\/v2\/types\/page"}],"author":[{"embeddable":true,"href":"https:\/\/todoartistas.group\/social\/wp-json\/wp\/v2\/users\/1"}],"replies":[{"embeddable":true,"href":"https:\/\/todoartistas.group\/social\/wp-json\/wp\/v2\/comments?post=57"}],"version-history":[{"count":16,"href":"https:\/\/todoartistas.group\/social\/wp-json\/wp\/v2\/pages\/57\/revisions"}],"predecessor-version":[{"id":236,"href":"https:\/\/todoartistas.group\/social\/wp-json\/wp\/v2\/pages\/57\/revisions\/236"}],"wp:attachment":[{"href":"https:\/\/todoartistas.group\/social\/wp-json\/wp\/v2\/media?parent=57"}],"curies":[{"name":"wp","href":"https:\/\/api.w.org\/{rel}","templated":true}]}}